{"id":1941,"date":"2016-03-25T14:35:19","date_gmt":"2016-03-25T13:35:19","guid":{"rendered":"http:\/\/odysseedesbatisseurs.com\/horaire-et-tarifs\/"},"modified":"2021-02-09T15:52:59","modified_gmt":"2021-02-09T14:52:59","slug":"horaire-et-tarifs","status":"publish","type":"page","link":"https:\/\/www.odysseedesbatisseurs.com\/en\/horaire-et-tarifs\/","title":{"rendered":"Horaire et tarifs"},"content":{"rendered":"<h3>Basse saison &#8211; \u00e0 partir du 8 f\u00e9vrier 2021<\/h3>\n<p><strong>Ouvert d<\/strong><strong>u lundi au samedi de 9h \u00e0 16h<\/strong><\/p>\n<p>Visite des expositions int\u00e9rieures et acc\u00e8s au parcours ext\u00e9rieur (certains sentiers), mais il n&#8217;y a pas d&#8217;animation sur le site ni de projection du film 360. Apportez vos raquettes!<\/p>\n<p>Ferm\u00e9 :<br \/>\nlundi de l&#8217;Action de gr\u00e2ces (octobre), du 22 d\u00e9cembre au 5 janvier, lundi de P\u00e2ques, Journ\u00e9e nationale des Patriotes (mai).<\/p>\n<p><strong>COVID-19<\/strong><\/p>\n<p>Dans le contexte de la Covid-19, des \u00e9l\u00e9ments ont \u00e9t\u00e9 mis en place pour assurer la s\u00e9curit\u00e9 de nos travailleurs et des visiteurs. Des barri\u00e8res physiques (<em>plexiglass<\/em>) ont \u00e9t\u00e9 install\u00e9s devant nos comptoirs d\u2019accueil et des autocollants plac\u00e9s au sol afin de respecter la distanciation physique. Des stations de d\u00e9sinfectants pour les mains sont aussi disponibles. Des parcours ont \u00e9t\u00e9 cr\u00e9\u00e9s dans nos expositions afin d\u2019\u00e9viter que les visiteurs se croisent. Le port du couvre-visage \u00e0 l&#8217;int\u00e9rieur est obligatoire pour les visiteurs de 10 ans et plus.<\/p>\n<p>&nbsp;<\/p>\n<h3><span style=\"text-decoration: underline;\">Haute saison 2021: \u00e0 partir du 10 juin 2021<br \/>\n<\/span><\/h3>\n<p>Ouvert tous les jours de 9h \u00e0 16h30 (derni\u00e8re entr\u00e9e sugg\u00e9r\u00e9e 15h)<\/p>\n<p>La visite de\u00a0l\u2019Odyss\u00e9e des B\u00e2tisseurs dure en moyenne 1h30.<\/p>\n<h3><\/h3>\n<p>&nbsp;<\/p>\n<h3><\/h3>\n<p>&nbsp;<\/p>\n<h3><\/h3>\n","protected":false},"excerpt":{"rendered":"<p>Basse saison &#8211; \u00e0 partir du 8 f\u00e9vrier 2021 Ouvert du lundi au samedi de 9h \u00e0 16h Visite des expositions int\u00e9rieures et acc\u00e8s au parcours ext\u00e9rieur (certains sentiers), mais il n&#8217;y a pas d&#8217;animation sur le site ni de projection du film 360. Apportez vos raquettes! Ferm\u00e9 : lundi de l&#8217;Action de gr\u00e2ces (octobre), [&hellip;]<\/p>\n","protected":false},"author":3,"featured_media":1780,"parent":0,"menu_order":0,"comment_status":"closed","ping_status":"closed","template":"template-horaire.php","meta":[],"acf":[],"_links":{"self":[{"href":"https:\/\/www.odysseedesbatisseurs.com\/en\/wp-json\/wp\/v2\/pages\/1941"}],"collection":[{"href":"https:\/\/www.odysseedesbatisseurs.com\/en\/wp-json\/wp\/v2\/pages"}],"about":[{"href":"https:\/\/www.odysseedesbatisseurs.com\/en\/wp-json\/wp\/v2\/types\/page"}],"author":[{"embeddable":true,"href":"https:\/\/www.odysseedesbatisseurs.com\/en\/wp-json\/wp\/v2\/users\/3"}],"replies":[{"embeddable":true,"href":"https:\/\/www.odysseedesbatisseurs.com\/en\/wp-json\/wp\/v2\/comments?post=1941"}],"version-history":[{"count":1,"href":"https:\/\/www.odysseedesbatisseurs.com\/en\/wp-json\/wp\/v2\/pages\/1941\/revisions"}],"predecessor-version":[{"id":1942,"href":"https:\/\/www.odysseedesbatisseurs.com\/en\/wp-json\/wp\/v2\/pages\/1941\/revisions\/1942"}],"wp:featuredmedia":[{"embeddable":true,"href":"https:\/\/www.odysseedesbatisseurs.com\/en\/wp-json\/wp\/v2\/media\/1780"}],"wp:attachment":[{"href":"https:\/\/www.odysseedesbatisseurs.com\/en\/wp-json\/wp\/v2\/media?parent=1941"}],"curies":[{"name":"wp","href":"https:\/\/api.w.org\/{rel}","templated":true}]}}